{"id":125,"date":"2025-06-22T18:29:10","date_gmt":"2025-06-22T18:29:10","guid":{"rendered":"https:\/\/baboomapp.com\/?page_id=125"},"modified":"2025-06-22T19:12:14","modified_gmt":"2025-06-22T19:12:14","slug":"uvjeti-koristenja","status":"publish","type":"page","link":"https:\/\/baboomapp.com\/?page_id=125","title":{"rendered":"Uvjeti kori\u0161tenja"},"content":{"rendered":"<section class=\"bde-section-125-100 bde-section\">\n  \n  \n\t\n\n\n\n<div class=\"section-container\"><h1 class=\"bde-heading-125-101 bde-heading\">\nUvjeti kori\u0161tenja\n<\/h1><div class=\"bde-text-125-102 bde-text\">\nDobrodo\u0161li na Baboom!<br>Molimo vas da pa\u017eljivo pro\u010ditate ove uvjete kori\u0161tenja prije nego \u0161to po\u010dnete koristiti aplikaciju.\n<\/div><div class=\"bde-rich-text-125-103 bde-rich-text breakdance-rich-text-styles\">\n<h3 data-start=\"381\" data-end=\"401\">1. Tko smo mi?<\/h3>\n<p data-start=\"381\" data-end=\"401\">Baboom je aplikacija koja povezuje roditelje i budu\u0107e roditelje \u2013 pru\u017eaju\u0107i im prostor za podr\u0161ku, povezivanje i razmjenu iskustava.<\/p>\n<h3 data-start=\"536\" data-end=\"566\">2. Kori\u0161tenje aplikacije<\/h3>\n<p data-start=\"567\" data-end=\"638\">Kori\u0161tenjem aplikacije sla\u017eete se s ovim uvjetima.<br data-start=\"617\" data-end=\"620\" \/>Nije dozvoljeno:<\/p>\n<ul data-start=\"639\" data-end=\"779\">\n<li data-start=\"639\" data-end=\"671\">\n<p data-start=\"641\" data-end=\"671\">dijeliti neprimjeren sadr\u017eaj<\/p>\n<\/li>\n<li data-start=\"672\" data-end=\"724\">\n<p data-start=\"674\" data-end=\"724\">vrije\u0111ati, omalova\u017eavati ili \u0161iriti govor mr\u017enje<\/p>\n<\/li>\n<li data-start=\"725\" data-end=\"779\">\n<p data-start=\"727\" data-end=\"779\">zloupotrebljavati aplikaciju za spam ili ogla\u0161avanje<\/p>\n<\/li>\n<\/ul>\n<h3 data-start=\"781\" data-end=\"814\">3. Registracija i sigurnost<\/h3>\n<p data-start=\"815\" data-end=\"921\">Korisnik mora imati 16+ godina. Svi osobni podaci bit \u0107e za\u0161ti\u0107eni u skladu s na\u0161im Pravilima privatnosti.<\/p>\n<h3 data-start=\"923\" data-end=\"949\">4. Sadr\u017eaj korisnika<\/h3>\n<p data-start=\"950\" data-end=\"1101\">Sadr\u017eaj koji objavljujete ostaje va\u0161, ali Baboom ima pravo prikazivati ga unutar aplikacije. Ne dijelimo va\u0161e podatke tre\u0107im stranama bez va\u0161e privole.<\/p>\n<h3 data-start=\"1103\" data-end=\"1127\">5. Promjene uvjeta<\/h3>\n<p data-start=\"1128\" data-end=\"1201\">Zadr\u017eavamo pravo izmjene uvjeta. Bit \u0107ete obavije\u0161teni unutar aplikacije.<\/p>\n<p data-start=\"1803\" data-end=\"1944\">\u00a0<\/p>\n<\/div><\/div>\n<\/section>","protected":false},"excerpt":{"rendered":"<p>Uvjeti kori\u0161tenja Dobrodo\u0161li na Baboom!Molimo vas da pa\u017eljivo pro\u010ditate ove uvjete kori\u0161tenja prije nego \u0161to po\u010dnete koristiti aplikaciju. 1. Tko smo mi? Baboom je aplikacija koja povezuje roditelje i budu\u0107e roditelje \u2013 pru\u017eaju\u0107i im prostor za podr\u0161ku, povezivanje i razmjenu iskustava. 2. Kori\u0161tenje aplikacije Kori\u0161tenjem aplikacije sla\u017eete se s ovim uvjetima.Nije dozvoljeno: dijeliti neprimjeren sadr\u017eaj [&hellip;]<\/p>\n","protected":false},"author":1,"featured_media":0,"parent":0,"menu_order":0,"comment_status":"closed","ping_status":"closed","template":"","meta":{"_breakdance_hide_in_design_set":false,"_breakdance_tags":"","footnotes":""},"class_list":["post-125","page","type-page","status-publish","hentry"],"_links":{"self":[{"href":"https:\/\/baboomapp.com\/index.php?rest_route=\/wp\/v2\/pages\/125","targetHints":{"allow":["GET"]}}],"collection":[{"href":"https:\/\/baboomapp.com\/index.php?rest_route=\/wp\/v2\/pages"}],"about":[{"href":"https:\/\/baboomapp.com\/index.php?rest_route=\/wp\/v2\/types\/page"}],"author":[{"embeddable":true,"href":"https:\/\/baboomapp.com\/index.php?rest_route=\/wp\/v2\/users\/1"}],"replies":[{"embeddable":true,"href":"https:\/\/baboomapp.com\/index.php?rest_route=%2Fwp%2Fv2%2Fcomments&post=125"}],"version-history":[{"count":4,"href":"https:\/\/baboomapp.com\/index.php?rest_route=\/wp\/v2\/pages\/125\/revisions"}],"predecessor-version":[{"id":140,"href":"https:\/\/baboomapp.com\/index.php?rest_route=\/wp\/v2\/pages\/125\/revisions\/140"}],"wp:attachment":[{"href":"https:\/\/baboomapp.com\/index.php?rest_route=%2Fwp%2Fv2%2Fmedia&parent=125"}],"curies":[{"name":"wp","href":"https:\/\/api.w.org\/{rel}","templated":true}]}}