{"id":130,"date":"2025-06-22T18:32:05","date_gmt":"2025-06-22T18:32:05","guid":{"rendered":"https:\/\/baboomapp.com\/?page_id=130"},"modified":"2025-06-22T19:25:35","modified_gmt":"2025-06-22T19:25:35","slug":"centar-za-pomoc","status":"publish","type":"page","link":"https:\/\/baboomapp.com\/?page_id=130","title":{"rendered":"Centar za pomo\u0107"},"content":{"rendered":"<section class=\"bde-section-130-100 bde-section\">\n  \n  \n\t\n\n\n\n<div class=\"section-container\"><h1 class=\"bde-heading-130-101 bde-heading\">\nCentar za pomo\u0107\n<\/h1><div class=\"bde-text-130-102 bde-text\">\nImate pitanje? Tu smo za vas!\n<\/div><div class=\"bde-rich-text-130-103 bde-rich-text breakdance-rich-text-styles\">\n<h4 data-start=\"2146\" data-end=\"2191\">Kako prijaviti neprimjeren sadr\u017eaj?<\/h4>\n<p data-start=\"2192\" data-end=\"2243\">Kliknite na 3 to\u010dkice na objavi &gt; \u201cPrijavi sadr\u017eaj\u201d<\/p>\n<h4 data-start=\"2245\" data-end=\"2286\">Kako mogu kontaktirati podr\u0161ku?<\/h4>\n<p data-start=\"2287\" data-end=\"2398\">Pi\u0161ite nam na: <strong data-start=\"2302\" data-end=\"2324\"><a class=\"cursor-pointer\" href=\"mailto:podrska@baboomapp.com\" rel=\"noopener\" data-start=\"2304\" data-end=\"2322\">podrska@baboomapp.com<\/a><\/strong><br data-start=\"2324\" data-end=\"2327\" \/>Odgovaramo u roku od 24h (osim vikendom, tad i mi mazimo svoje bebe \ud83d\ude0a)<\/p>\n<h4 data-start=\"2400\" data-end=\"2441\">Ne mogu se prijaviti \u2013 \u0161to sad?<\/h4>\n<p data-start=\"2442\" data-end=\"2541\">Provjerite jeste li unijeli to\u010dnu lozinku ili poku\u0161ajte resetirati. Ako ne ide, javite se e-mailom<\/p>\n<p data-start=\"1803\" data-end=\"1944\">\u00a0<\/p>\n<\/div><\/div>\n<\/section>","protected":false},"excerpt":{"rendered":"<p>Centar za pomo\u0107 Imate pitanje? Tu smo za vas! Kako prijaviti neprimjeren sadr\u017eaj? Kliknite na 3 to\u010dkice na objavi &gt; \u201cPrijavi sadr\u017eaj\u201d Kako mogu kontaktirati podr\u0161ku? Pi\u0161ite nam na: podrska@baboomapp.comOdgovaramo u roku od 24h (osim vikendom, tad i mi mazimo svoje bebe \ud83d\ude0a) Ne mogu se prijaviti \u2013 \u0161to sad? Provjerite jeste li unijeli to\u010dnu [&hellip;]<\/p>\n","protected":false},"author":1,"featured_media":0,"parent":0,"menu_order":0,"comment_status":"closed","ping_status":"closed","template":"","meta":{"_breakdance_hide_in_design_set":false,"_breakdance_tags":"","footnotes":""},"class_list":["post-130","page","type-page","status-publish","hentry"],"_links":{"self":[{"href":"https:\/\/baboomapp.com\/index.php?rest_route=\/wp\/v2\/pages\/130","targetHints":{"allow":["GET"]}}],"collection":[{"href":"https:\/\/baboomapp.com\/index.php?rest_route=\/wp\/v2\/pages"}],"about":[{"href":"https:\/\/baboomapp.com\/index.php?rest_route=\/wp\/v2\/types\/page"}],"author":[{"embeddable":true,"href":"https:\/\/baboomapp.com\/index.php?rest_route=\/wp\/v2\/users\/1"}],"replies":[{"embeddable":true,"href":"https:\/\/baboomapp.com\/index.php?rest_route=%2Fwp%2Fv2%2Fcomments&post=130"}],"version-history":[{"count":5,"href":"https:\/\/baboomapp.com\/index.php?rest_route=\/wp\/v2\/pages\/130\/revisions"}],"predecessor-version":[{"id":142,"href":"https:\/\/baboomapp.com\/index.php?rest_route=\/wp\/v2\/pages\/130\/revisions\/142"}],"wp:attachment":[{"href":"https:\/\/baboomapp.com\/index.php?rest_route=%2Fwp%2Fv2%2Fmedia&parent=130"}],"curies":[{"name":"wp","href":"https:\/\/api.w.org\/{rel}","templated":true}]}}