{"id":27,"date":"2025-06-19T12:25:10","date_gmt":"2025-06-19T12:25:10","guid":{"rendered":"https:\/\/baboomapp.com\/?page_id=27"},"modified":"2025-07-18T12:52:32","modified_gmt":"2025-07-18T12:52:32","slug":"naslovna","status":"publish","type":"page","link":"https:\/\/baboomapp.com\/","title":{"rendered":"Naslovna"},"content":{"rendered":"<section class=\"bde-section-27-100 bde-section\">\n              \n  \n  \n\t\n\n  <div class=\"section-background-overlay\"><\/div>\n\n\n<div class=\"section-container\"><div class=\"bde-div-27-153 bde-div\">\n  \n  \n\t\n\n\n\n<div class=\"bde-div-27-155 bde-div\">\n  \n  \n\t\n\n\n\n<h1 class=\"bde-heading-27-154 bde-heading\">\nbaboom\n<\/h1><h1 class=\"bde-heading-27-104 bde-heading\">\nZajednica \u017eena koje te razumiju. \n<\/h1>\n<\/div><div class=\"bde-text-27-156 bde-text\">\nUpoznaj trudnice, mame\/tate te druge obitelji koje jednako kao i ti, tra\u017ee savjete, razumiju jedni druge i ne osu\u0111uju.\n<\/div>\n<\/div><div class=\"bde-button-27-106 bde-button\">\n    \n                                    \n    \n    \n    \n    \n            \n                    \n            \n                           \n                       \n                 \n\n    \n    \n    \n                    \n    \n    <a class=\"breakdance-link button-atom button-atom--primary bde-button__button\" href=\"#\" target=\"_self\" data-type=\"action\"  data-action='{\"type\":\"popup\",\"popupOptions\":{\"popupId\":\"102\",\"popupAction\":\"open\"}}' >\n\n    \n        <span class=\"button-atom__text\">Prijavi se na newsletter<\/span>\n\n        \n        \n                <\/a>\n\n    \n\n\n<\/div><\/div>\n<\/section><section id=\"zasto\" class=\"bde-section-27-134 bde-section\">\n  \n  \n\t\n\n\n\n<div class=\"section-container\"><div class=\"bde-div-27-141 bde-div\">\n  \n  \n\t\n\n\n\n<h4 class=\"bde-heading-27-138 bde-heading\">\nZa\u0161to Baboom?\n<\/h4><h2 class=\"bde-heading-27-139 bde-heading\">\nBaboom je prostor sigurnosti i zajedni\u0161tva.<br>Ovdje mo\u017ee\u0161:\n<\/h2>\n<\/div><img decoding=\"async\" class=\"bde-image2-27-142 bde-image2\" src=\"https:\/\/baboomapp.com\/wp-content\/uploads\/2025\/06\/zasto.svg\" loading=\"lazy\"><\/div>\n<\/section><section id=\"kako\" class=\"bde-section-27-108 bde-section\">\n  \n  \n\t\n\n\n\n<div class=\"section-container\"><div class=\"bde-div-27-111 bde-div\">\n  \n  \n\t\n\n\n\n<h4 class=\"bde-heading-27-109 bde-heading\">\nKako Baboom funkcionira?\n<\/h4><h2 class=\"bde-heading-27-110 bde-heading\">\nU samo nekoliko jednostavnih koraka:\n<\/h2>\n<\/div><div class=\"bde-grid-27-112 bde-grid\">\n  \n  \n\t\n\n\n\n<div class=\"bde-div-27-113 bde-div\">\n  \n  \n\t\n\n\n\n<div class=\"bde-div-27-157 bde-div\">\n  \n  \n\t\n\n\n\n<img decoding=\"async\" class=\"bde-image2-27-158 bde-image2\" src=\"https:\/\/baboomapp.com\/wp-content\/uploads\/2025\/06\/registriraj.png\" loading=\"lazy\" sizes=\"(max-width: 150px) 100vw, 150px\">\n<\/div><div class=\"bde-div-27-115 bde-div\">\n  \n  \n\t\n\n\n\n<div class=\"bde-text-27-116 bde-text\">\nKORAK 1\n<\/div><h4 class=\"bde-heading-27-117 bde-heading\">\nRegistriraj se i izradi svoj profil\n<\/h4>\n<\/div>\n<\/div><div class=\"bde-div-27-118 bde-div\">\n  \n  \n\t\n\n\n\n<div class=\"bde-div-27-159 bde-div\">\n  \n  \n\t\n\n\n\n<img decoding=\"async\" class=\"bde-image2-27-160 bde-image2\" src=\"https:\/\/baboomapp.com\/wp-content\/uploads\/2025\/06\/spoji.png\" loading=\"lazy\" srcset=\"https:\/\/baboomapp.com\/wp-content\/uploads\/2025\/06\/spoji.png 187w, https:\/\/baboomapp.com\/wp-content\/uploads\/2025\/06\/spoji-180x300.png 180w\" sizes=\"(max-width: 187px) 100vw, 187px\">\n<\/div><div class=\"bde-div-27-120 bde-div\">\n  \n  \n\t\n\n\n\n<div class=\"bde-text-27-121 bde-text\">\nKORAK 2\n<\/div><h4 class=\"bde-heading-27-122 bde-heading\">\nPove\u017ei se s drugim \u017eenama\n<\/h4>\n<\/div>\n<\/div><div class=\"bde-div-27-123 bde-div\">\n  \n  \n\t\n\n\n\n<div class=\"bde-div-27-161 bde-div\">\n  \n  \n\t\n\n\n\n<img decoding=\"async\" class=\"bde-image2-27-162 bde-image2\" src=\"https:\/\/baboomapp.com\/wp-content\/uploads\/2025\/06\/grupe.png\" loading=\"lazy\" srcset=\"https:\/\/baboomapp.com\/wp-content\/uploads\/2025\/06\/grupe.png 191w, https:\/\/baboomapp.com\/wp-content\/uploads\/2025\/06\/grupe-167x300.png 167w\" sizes=\"(max-width: 191px) 100vw, 191px\">\n<\/div><div class=\"bde-div-27-125 bde-div\">\n  \n  \n\t\n\n\n\n<div class=\"bde-text-27-126 bde-text\">\nKORAK 3\n<\/div><h4 class=\"bde-heading-27-127 bde-heading\">\nDijeli iskustva i postavi razna pitanja\n<\/h4>\n<\/div>\n<\/div><div class=\"bde-div-27-128 bde-div\">\n  \n  \n\t\n\n\n\n<div class=\"bde-div-27-163 bde-div\">\n  \n  \n\t\n\n\n\n<img decoding=\"async\" class=\"bde-image2-27-164 bde-image2\" src=\"https:\/\/baboomapp.com\/wp-content\/uploads\/2025\/06\/podrska.png\" loading=\"lazy\" sizes=\"(max-width: 220px) 100vw, 220px\">\n<\/div><div class=\"bde-div-27-130 bde-div\">\n  \n  \n\t\n\n\n\n<div class=\"bde-text-27-131 bde-text\">\nKORAK 4\n<\/div><h4 class=\"bde-heading-27-132 bde-heading\">\nUpoznaj zajednicu i pru\u017ei podr\u0161ku\n<\/h4>\n<\/div>\n<\/div>\n<\/div><\/div>\n<\/section><section class=\"bde-section-27-143 bde-section\">\n  \n  \n\t\n\n\n\n<div class=\"section-container\"><div class=\"bde-columns-27-144 bde-columns\"><div class=\"bde-column-27-145 bde-column\">\n  \n  \n\t\n\n\n\n<img decoding=\"async\" class=\"bde-image2-27-147 bde-image2\" src=\"https:\/\/baboomapp.com\/wp-content\/uploads\/2025\/06\/kelly-sikkema-Z4GKcFAGck4-unsplash-scaled.jpg\" loading=\"lazy\" srcset=\"https:\/\/baboomapp.com\/wp-content\/uploads\/2025\/06\/kelly-sikkema-Z4GKcFAGck4-unsplash-scaled.jpg 1713w, https:\/\/baboomapp.com\/wp-content\/uploads\/2025\/06\/kelly-sikkema-Z4GKcFAGck4-unsplash-201x300.jpg 201w, https:\/\/baboomapp.com\/wp-content\/uploads\/2025\/06\/kelly-sikkema-Z4GKcFAGck4-unsplash-685x1024.jpg 685w, https:\/\/baboomapp.com\/wp-content\/uploads\/2025\/06\/kelly-sikkema-Z4GKcFAGck4-unsplash-768x1148.jpg 768w, https:\/\/baboomapp.com\/wp-content\/uploads\/2025\/06\/kelly-sikkema-Z4GKcFAGck4-unsplash-1028x1536.jpg 1028w, https:\/\/baboomapp.com\/wp-content\/uploads\/2025\/06\/kelly-sikkema-Z4GKcFAGck4-unsplash-1370x2048.jpg 1370w, https:\/\/baboomapp.com\/wp-content\/uploads\/2025\/06\/kelly-sikkema-Z4GKcFAGck4-unsplash-1320x1973.jpg 1320w\" sizes=\"(max-width: 1713px) 100vw, 1713px\">\n<\/div><div class=\"bde-column-27-146 bde-column\">\n  \n  \n\t\n\n\n\n<div class=\"bde-div-27-152 bde-div\">\n  \n  \n\t\n\n\n\n<h2 class=\"bde-heading-27-148 bde-heading\">\nPridru\u017ei se Baboom zajednici prije lansiranja.\n<\/h2><div class=\"bde-text-27-149 bde-text\">\nPrvih 200 prijavljenih dobiva 3 mjeseca Premiuma - potpuno besplatno.\n<\/div>\n<\/div><div class=\"bde-button-27-150 bde-button\">\n    \n                                    \n    \n    \n    \n    \n            \n                    \n            \n                           \n                       \n                 \n\n    \n    \n    \n                    \n    \n    <a class=\"breakdance-link button-atom button-atom--secondary bde-button__button\" href=\"#\" target=\"_self\" data-type=\"action\"  data-action='{\"type\":\"popup\",\"popupOptions\":{\"popupId\":\"102\",\"popupAction\":\"open\"}}' >\n\n    \n        <span class=\"button-atom__text\">Prijavi se na newsletter<\/span>\n\n        \n        \n                <\/a>\n\n    \n\n\n<\/div>\n<\/div><\/div><\/div>\n<\/section>","protected":false},"excerpt":{"rendered":"<p>baboom Zajednica \u017eena koje te razumiju. Upoznaj trudnice, mame\/tate te druge obitelji koje jednako kao i ti, tra\u017ee savjete, razumiju jedni druge i ne osu\u0111uju. Prijavi se na newsletter Za\u0161to Baboom? Baboom je prostor sigurnosti i zajedni\u0161tva.Ovdje mo\u017ee\u0161: Kako Baboom funkcionira? U samo nekoliko jednostavnih koraka: KORAK 1 Registriraj se i izradi svoj profil KORAK [&hellip;]<\/p>\n","protected":false},"author":1,"featured_media":0,"parent":0,"menu_order":0,"comment_status":"closed","ping_status":"closed","template":"","meta":{"_breakdance_hide_in_design_set":false,"_breakdance_tags":"","footnotes":""},"class_list":["post-27","page","type-page","status-publish","hentry"],"_links":{"self":[{"href":"https:\/\/baboomapp.com\/index.php?rest_route=\/wp\/v2\/pages\/27","targetHints":{"allow":["GET"]}}],"collection":[{"href":"https:\/\/baboomapp.com\/index.php?rest_route=\/wp\/v2\/pages"}],"about":[{"href":"https:\/\/baboomapp.com\/index.php?rest_route=\/wp\/v2\/types\/page"}],"author":[{"embeddable":true,"href":"https:\/\/baboomapp.com\/index.php?rest_route=\/wp\/v2\/users\/1"}],"replies":[{"embeddable":true,"href":"https:\/\/baboomapp.com\/index.php?rest_route=%2Fwp%2Fv2%2Fcomments&post=27"}],"version-history":[{"count":5,"href":"https:\/\/baboomapp.com\/index.php?rest_route=\/wp\/v2\/pages\/27\/revisions"}],"predecessor-version":[{"id":458,"href":"https:\/\/baboomapp.com\/index.php?rest_route=\/wp\/v2\/pages\/27\/revisions\/458"}],"wp:attachment":[{"href":"https:\/\/baboomapp.com\/index.php?rest_route=%2Fwp%2Fv2%2Fmedia&parent=27"}],"curies":[{"name":"wp","href":"https:\/\/api.w.org\/{rel}","templated":true}]}}